{"id":1991,"date":"2019-12-02T23:31:04","date_gmt":"2019-12-02T23:31:04","guid":{"rendered":"http:\/\/biradli.com.tr\/?page_id=1991"},"modified":"2019-12-02T23:47:19","modified_gmt":"2019-12-02T23:47:19","slug":"our-brands","status":"publish","type":"page","link":"https:\/\/biradli.com.tr\/en\/our-brands\/","title":{"rendered":"OUR BRANDS"},"content":{"rendered":"\n\n  <div class=\"banner has-hover\" id=\"banner-1094873665\">\n          <div class=\"banner-inner fill\">\n        <div class=\"banner-bg fill\" >\n            <img loading=\"lazy\" decoding=\"async\" width=\"1600\" height=\"938\" src=\"https:\/\/biradli.com.tr\/wp-content\/uploads\/2019\/12\/kurumsal2.jpg\" class=\"bg attachment-original size-original\" alt=\"\" title=\"\">                        <div class=\"overlay\"><\/div>            \n                    <\/div>\n\t\t\n        <div class=\"banner-layers container\">\n            <div class=\"fill banner-link\"><\/div>            \n\n   <div id=\"text-box-461680890\" class=\"text-box banner-layer x50 md-x50 lg-x50 y20 md-y20 lg-y20 res-text\">\n                                <div class=\"text-box-content text dark\">\n              \n              <div class=\"text-inner text-center\">\n                  \n\n<h1 class=\"lead\"> Our Brands<\/h1><\/p>\n\n              <\/div>\n           <\/div>\n                            \n<style>\n#text-box-461680890 {\n  width: 60%;\n}\n#text-box-461680890 .text-box-content {\n  font-size: 100%;\n}\n@media (min-width:550px) {\n  #text-box-461680890 {\n    width: 40%;\n  }\n}\n<\/style>\n    <\/div>\n \n\n        <\/div>\n      <\/div>\n\n            \n<style>\n#banner-1094873665 {\n  padding-top: 140px;\n}\n#banner-1094873665 .overlay {\n  background-color: rgba(0, 0, 0, 0.65);\n}\n#banner-1094873665 .banner-bg img {\n  object-position: %50 %50;\n}\n<\/style>\n  <\/div>\n\n\n\t<div id=\"gap-1273346643\" class=\"gap-element clearfix\" style=\"display:block; height:auto;\">\n\t\t\n<style>\n#gap-1273346643 {\n  padding-top: 40px;\n}\n<\/style>\n\t<\/div>\n\t\n\n<div class=\"row row-small align-center\"  id=\"row-818924580\">\n\n\n\t<div id=\"col-113450026\" class=\"col small-12 large-12\"  >\n\t\t\t\t<div class=\"col-inner text-center\"  >\n\t\t\t\n\t\t\t\n\n\t<div class=\"img has-hover x md-x lg-x y md-y lg-y\" id=\"image_401347629\">\n\t\t\t\t\t\t\t\t<div class=\"img-inner dark\" >\n\t\t\t<img loading=\"lazy\" decoding=\"async\" width=\"1020\" height=\"90\" src=\"https:\/\/biradli.com.tr\/wp-content\/uploads\/2019\/12\/markalarimiz-1400x123.jpg\" class=\"attachment-large size-large\" alt=\"\" srcset=\"https:\/\/biradli.com.tr\/wp-content\/uploads\/2019\/12\/markalarimiz-1400x123.jpg 1400w, https:\/\/biradli.com.tr\/wp-content\/uploads\/2019\/12\/markalarimiz-800x70.jpg 800w, https:\/\/biradli.com.tr\/wp-content\/uploads\/2019\/12\/markalarimiz-768x68.jpg 768w, https:\/\/biradli.com.tr\/wp-content\/uploads\/2019\/12\/markalarimiz-600x53.jpg 600w, https:\/\/biradli.com.tr\/wp-content\/uploads\/2019\/12\/markalarimiz.jpg 1500w\" sizes=\"auto, (max-width: 1020px) 100vw, 1020px\" title=\"\">\t\t\t\t\t\t\n\t\t\t\t\t<\/div>\n\t\t\t\t\t\t\t\t\n<style>\n#image_401347629 {\n  width: 57%;\n}\n<\/style>\n\t<\/div>\n\t\n\n\n\t\t<\/div>\n\t\t\t\t\t<\/div>\n\n\t\n\n<\/div>\n\t<div id=\"gap-1462720310\" class=\"gap-element clearfix\" style=\"display:block; height:auto;\">\n\t\t\n<style>\n#gap-1462720310 {\n  padding-top: 30px;\n}\n<\/style>\n\t<\/div>\n\t\n\n<div class=\"row align-center\"  id=\"row-2097597499\">\n\n\n\t<div id=\"col-521800840\" class=\"col medium-7 small-12 large-7\"  >\n\t\t\t\t<div class=\"col-inner text-left\"  >\n\t\t\t\n\t\t\t\n\n<p>Our firm started its life in the sector by producing stainless kitchenware in 1978. We are proud and excited to share our experience and information of 35 years with our valuable customers.<\/p><p>\nProducing kitchenware since its foundation and having specialist personnel in its area, our firm puts on the market fork, spoon, knife and industrial cooktop equipment with trademarks of G\u00fcray, Porlife and Groovy.<\/p><p>\nWe incorporated industrial hotel equipment production, importation, sales and marketing in 2004 and succeeded to create a large product range in 2010 with consistent investments. Our firm managed to become one of the pioneer firms in the sector in a short period with small hand tools, floor service trolleys, open buffet display melamine, polycarbonate products and various equipment-materials.<\/p><p>\nOur success in industrial hotel equipment market is based on the importance we put on quality and our resolution to achieve difficult goals.<\/p><p>\nConstant principles of our firm have been quality, service, on time delivery and effective prices for 30 years.<\/p><p>\nCarrying out production, storage and logistics activities in 4.000 m2 indoor area in \u0130stanbul Beylikd\u00fcz\u00fc, B\u0130RADLI aims to give the best service to our customers today and in the future.\n<div class=\"text-center\"><div class=\"is-divider divider clearfix\" ><\/div><\/div>\n\n\n\t\t<\/div>\n\t\t\t\t\t<\/div>\n\n\t\n\n<\/div>\n","protected":false},"excerpt":{"rendered":"","protected":false},"author":1,"featured_media":0,"parent":0,"menu_order":0,"comment_status":"closed","ping_status":"closed","template":"page-blank.php","meta":{"footnotes":""},"class_list":["post-1991","page","type-page","status-publish","hentry"],"_links":{"self":[{"href":"https:\/\/biradli.com.tr\/en\/wp-json\/wp\/v2\/pages\/1991","targetHints":{"allow":["GET"]}}],"collection":[{"href":"https:\/\/biradli.com.tr\/en\/wp-json\/wp\/v2\/pages"}],"about":[{"href":"https:\/\/biradli.com.tr\/en\/wp-json\/wp\/v2\/types\/page"}],"author":[{"embeddable":true,"href":"https:\/\/biradli.com.tr\/en\/wp-json\/wp\/v2\/users\/1"}],"replies":[{"embeddable":true,"href":"https:\/\/biradli.com.tr\/en\/wp-json\/wp\/v2\/comments?post=1991"}],"version-history":[{"count":0,"href":"https:\/\/biradli.com.tr\/en\/wp-json\/wp\/v2\/pages\/1991\/revisions"}],"wp:attachment":[{"href":"https:\/\/biradli.com.tr\/en\/wp-json\/wp\/v2\/media?parent=1991"}],"curies":[{"name":"wp","href":"https:\/\/api.w.org\/{rel}","templated":true}]}}