{"id":2156,"date":"2019-12-03T03:03:49","date_gmt":"2019-12-03T03:03:49","guid":{"rendered":"http:\/\/biradli.com.tr\/?page_id=2156"},"modified":"2020-02-12T11:45:39","modified_gmt":"2020-02-12T11:45:39","slug":"ourcertificates","status":"publish","type":"page","link":"https:\/\/biradli.com.tr\/en\/ourcertificates\/","title":{"rendered":"Our certificates"},"content":{"rendered":"\n\n  <div class=\"banner has-hover\" id=\"banner-1247427541\">\n          <div class=\"banner-inner fill\">\n        <div class=\"banner-bg fill\" >\n            <img loading=\"lazy\" decoding=\"async\" width=\"1600\" height=\"938\" src=\"https:\/\/biradli.com.tr\/wp-content\/uploads\/2019\/12\/kurumsal2.jpg\" class=\"bg attachment-original size-original\" alt=\"\" title=\"\">                        <div class=\"overlay\"><\/div>            \n                    <\/div>\n\t\t\n        <div class=\"banner-layers container\">\n            <div class=\"fill banner-link\"><\/div>            \n\n   <div id=\"text-box-788445568\" class=\"text-box banner-layer x50 md-x50 lg-x50 y50 md-y50 lg-y50 res-text\">\n                                <div class=\"text-box-content text dark\">\n              \n              <div class=\"text-inner text-center\">\n                  \n\n<h1 class=\"lead\"> Our Certificates<\/h1>\n\n              <\/div>\n           <\/div>\n                            \n<style>\n#text-box-788445568 {\n  width: 60%;\n}\n#text-box-788445568 .text-box-content {\n  font-size: 100%;\n}\n@media (min-width:550px) {\n  #text-box-788445568 {\n    width: 55%;\n  }\n}\n<\/style>\n    <\/div>\n \n\n        <\/div>\n      <\/div>\n\n            \n<style>\n#banner-1247427541 {\n  padding-top: 140px;\n}\n#banner-1247427541 .overlay {\n  background-color: rgba(0, 0, 0, 0.65);\n}\n#banner-1247427541 .banner-bg img {\n  object-position: %50 %50;\n}\n<\/style>\n  <\/div>\n\n\n<div class=\"row\"  id=\"row-1878701104\">\n\n\n\t<div id=\"col-559717753\" class=\"col medium-3 small-12 large-3\"  >\n\t\t\t\t<div class=\"col-inner text-center\"  >\n\t\t\t\n\t\t\t\n\n\t<div class=\"img has-hover x md-x lg-x y md-y lg-y\" id=\"image_1273647559\">\n\t\t<a class=\"\" href=\"http:\/\/biradli.com.tr\/wp-content\/uploads\/2019\/12\/Biradli_Marka.jpg\" target=\"_blank\" rel=\"noopener\" >\t\t\t\t\t\t<div class=\"img-inner image-zoom dark\" >\n\t\t\t<img loading=\"lazy\" decoding=\"async\" width=\"590\" height=\"800\" src=\"https:\/\/biradli.com.tr\/wp-content\/uploads\/2020\/02\/biradli-marka-tescil-590x800.jpg\" class=\"attachment-large size-large\" alt=\"\" srcset=\"https:\/\/biradli.com.tr\/wp-content\/uploads\/2020\/02\/biradli-marka-tescil-590x800.jpg 590w, https:\/\/biradli.com.tr\/wp-content\/uploads\/2020\/02\/biradli-marka-tescil-295x400.jpg 295w, https:\/\/biradli.com.tr\/wp-content\/uploads\/2020\/02\/biradli-marka-tescil-768x1042.jpg 768w, https:\/\/biradli.com.tr\/wp-content\/uploads\/2020\/02\/biradli-marka-tescil-1132x1536.jpg 1132w, https:\/\/biradli.com.tr\/wp-content\/uploads\/2020\/02\/biradli-marka-tescil-600x814.jpg 600w, https:\/\/biradli.com.tr\/wp-content\/uploads\/2020\/02\/biradli-marka-tescil.jpg 1323w\" sizes=\"auto, (max-width: 590px) 100vw, 590px\" title=\"\">\t\t\t\t\t\t\n\t\t\t\t\t<\/div>\n\t\t\t\t\t\t<\/a>\t\t\n<style>\n#image_1273647559 {\n  width: 100%;\n}\n<\/style>\n\t<\/div>\n\t\n\n\n\t\t<\/div>\n\t\t\t\t\t<\/div>\n\n\t\n\n\t<div id=\"col-1478033689\" class=\"col medium-3 small-12 large-3\"  >\n\t\t\t\t<div class=\"col-inner text-center\"  >\n\t\t\t\n\t\t\t\n\n\t<div class=\"img has-hover x md-x lg-x y md-y lg-y\" id=\"image_1498801280\">\n\t\t<a class=\"\" href=\"http:\/\/biradli.com.tr\/wp-content\/uploads\/2019\/12\/Groovy_Marka-1.jpg\" target=\"_blank\" rel=\"noopener\" >\t\t\t\t\t\t<div class=\"img-inner image-zoom dark\" >\n\t\t\t<img loading=\"lazy\" decoding=\"async\" width=\"591\" height=\"800\" src=\"https:\/\/biradli.com.tr\/wp-content\/uploads\/2020\/02\/Groovy-marka-tescil-591x800.jpg\" class=\"attachment-large size-large\" alt=\"\" srcset=\"https:\/\/biradli.com.tr\/wp-content\/uploads\/2020\/02\/Groovy-marka-tescil-591x800.jpg 591w, https:\/\/biradli.com.tr\/wp-content\/uploads\/2020\/02\/Groovy-marka-tescil-295x400.jpg 295w, https:\/\/biradli.com.tr\/wp-content\/uploads\/2020\/02\/Groovy-marka-tescil-768x1040.jpg 768w, https:\/\/biradli.com.tr\/wp-content\/uploads\/2020\/02\/Groovy-marka-tescil-1134x1536.jpg 1134w, https:\/\/biradli.com.tr\/wp-content\/uploads\/2020\/02\/Groovy-marka-tescil-600x813.jpg 600w, https:\/\/biradli.com.tr\/wp-content\/uploads\/2020\/02\/Groovy-marka-tescil.jpg 1314w\" sizes=\"auto, (max-width: 591px) 100vw, 591px\" title=\"\">\t\t\t\t\t\t\n\t\t\t\t\t<\/div>\n\t\t\t\t\t\t<\/a>\t\t\n<style>\n#image_1498801280 {\n  width: 100%;\n}\n<\/style>\n\t<\/div>\n\t\n\n\n\t\t<\/div>\n\t\t\t\t\t<\/div>\n\n\t\n\n\t<div id=\"col-412253172\" class=\"col medium-3 small-12 large-3\"  >\n\t\t\t\t<div class=\"col-inner text-center\"  >\n\t\t\t\n\t\t\t\n\n\t<div class=\"img has-hover x md-x lg-x y md-y lg-y\" id=\"image_166071937\">\n\t\t<a class=\"\" href=\"http:\/\/biradli.com.tr\/wp-content\/uploads\/2019\/12\/Guray_Marka.jpg\" target=\"_blank\" rel=\"noopener\" >\t\t\t\t\t\t<div class=\"img-inner image-zoom dark\" >\n\t\t\t<img loading=\"lazy\" decoding=\"async\" width=\"591\" height=\"800\" src=\"https:\/\/biradli.com.tr\/wp-content\/uploads\/2020\/02\/Guray-marka-tescil-591x800.jpg\" class=\"attachment-large size-large\" alt=\"\" srcset=\"https:\/\/biradli.com.tr\/wp-content\/uploads\/2020\/02\/Guray-marka-tescil-591x800.jpg 591w, https:\/\/biradli.com.tr\/wp-content\/uploads\/2020\/02\/Guray-marka-tescil-295x400.jpg 295w, https:\/\/biradli.com.tr\/wp-content\/uploads\/2020\/02\/Guray-marka-tescil-768x1040.jpg 768w, https:\/\/biradli.com.tr\/wp-content\/uploads\/2020\/02\/Guray-marka-tescil-1134x1536.jpg 1134w, https:\/\/biradli.com.tr\/wp-content\/uploads\/2020\/02\/Guray-marka-tescil-600x813.jpg 600w, https:\/\/biradli.com.tr\/wp-content\/uploads\/2020\/02\/Guray-marka-tescil.jpg 1314w\" sizes=\"auto, (max-width: 591px) 100vw, 591px\" title=\"\">\t\t\t\t\t\t\n\t\t\t\t\t<\/div>\n\t\t\t\t\t\t<\/a>\t\t\n<style>\n#image_166071937 {\n  width: 100%;\n}\n<\/style>\n\t<\/div>\n\t\n\n\n\t\t<\/div>\n\t\t\t\t\t<\/div>\n\n\t\n\n\t<div id=\"col-1931225171\" class=\"col medium-3 small-12 large-3\"  >\n\t\t\t\t<div class=\"col-inner text-center\"  >\n\t\t\t\n\t\t\t\n\n\t<div class=\"img has-hover x md-x lg-x y md-y lg-y\" id=\"image_338897726\">\n\t\t<a class=\"\" href=\"http:\/\/biradli.com.tr\/wp-content\/uploads\/2019\/12\/Porlife_Marka.jpg\" target=\"_blank\" rel=\"noopener\" >\t\t\t\t\t\t<div class=\"img-inner image-zoom dark\" >\n\t\t\t<img loading=\"lazy\" decoding=\"async\" width=\"589\" height=\"800\" src=\"https:\/\/biradli.com.tr\/wp-content\/uploads\/2020\/02\/Porlife-marka-tescil-589x800.jpg\" class=\"attachment-large size-large\" alt=\"\" srcset=\"https:\/\/biradli.com.tr\/wp-content\/uploads\/2020\/02\/Porlife-marka-tescil-589x800.jpg 589w, https:\/\/biradli.com.tr\/wp-content\/uploads\/2020\/02\/Porlife-marka-tescil-295x400.jpg 295w, https:\/\/biradli.com.tr\/wp-content\/uploads\/2020\/02\/Porlife-marka-tescil-768x1043.jpg 768w, https:\/\/biradli.com.tr\/wp-content\/uploads\/2020\/02\/Porlife-marka-tescil-1131x1536.jpg 1131w, https:\/\/biradli.com.tr\/wp-content\/uploads\/2020\/02\/Porlife-marka-tescil-600x815.jpg 600w, https:\/\/biradli.com.tr\/wp-content\/uploads\/2020\/02\/Porlife-marka-tescil.jpg 1320w\" sizes=\"auto, (max-width: 589px) 100vw, 589px\" title=\"\">\t\t\t\t\t\t\n\t\t\t\t\t<\/div>\n\t\t\t\t\t\t<\/a>\t\t\n<style>\n#image_338897726 {\n  width: 100%;\n}\n<\/style>\n\t<\/div>\n\t\n\n\n\t\t<\/div>\n\t\t\t\t\t<\/div>\n\n\t\n\n<\/div>\n<div class=\"row\"  id=\"row-730731239\">\n\n\n\t<div id=\"col-1450323967\" class=\"col medium-3 small-12 large-3\"  >\n\t\t\t\t<div class=\"col-inner text-center\"  >\n\t\t\t\n\t\t\t\n\n<a class=\"button primary is-small\" >\n\t\t<span>B\u0130RADLI trademark reg\u0131strat\u0131on cert\u0131f\u0131cates<\/span>\n\t<\/a>\n\n\n\n\t\t<\/div>\n\t\t\t\t\t<\/div>\n\n\t\n\n\t<div id=\"col-2040952276\" class=\"col medium-3 small-12 large-3\"  >\n\t\t\t\t<div class=\"col-inner text-center\"  >\n\t\t\t\n\t\t\t\n\n<a class=\"button primary is-small\" >\n\t\t<span>GROOVY trademark reg\u0131strat\u0131on cert\u0131f\u0131cates<\/span>\n\t<\/a>\n\n\n\n\t\t<\/div>\n\t\t\t\t\t<\/div>\n\n\t\n\n\t<div id=\"col-2117389183\" class=\"col medium-3 small-12 large-3\"  >\n\t\t\t\t<div class=\"col-inner text-center\"  >\n\t\t\t\n\t\t\t\n\n<a class=\"button primary is-small\" >\n\t\t<span>g\u00fcray trademark reg\u0131strat\u0131on cert\u0131f\u0131cates<\/span>\n\t<\/a>\n\n\n\n\t\t<\/div>\n\t\t\t\t\t<\/div>\n\n\t\n\n\t<div id=\"col-64951498\" class=\"col medium-3 small-12 large-3\"  >\n\t\t\t\t<div class=\"col-inner text-center\"  >\n\t\t\t\n\t\t\t\n\n<a class=\"button primary is-small\" >\n\t\t<span>porl\u0131fe trademark reg\u0131strat\u0131on cert\u0131f\u0131cates<\/span>\n\t<\/a>\n\n\n\n\t\t<\/div>\n\t\t\t\t\t<\/div>\n\n\t\n\n<\/div>\n<p><\/p>\n\n<!-- \/wp:post-content -->","protected":false},"excerpt":{"rendered":"","protected":false},"author":1,"featured_media":0,"parent":0,"menu_order":0,"comment_status":"closed","ping_status":"closed","template":"page-blank.php","meta":{"footnotes":""},"class_list":["post-2156","page","type-page","status-publish","hentry"],"_links":{"self":[{"href":"https:\/\/biradli.com.tr\/en\/wp-json\/wp\/v2\/pages\/2156","targetHints":{"allow":["GET"]}}],"collection":[{"href":"https:\/\/biradli.com.tr\/en\/wp-json\/wp\/v2\/pages"}],"about":[{"href":"https:\/\/biradli.com.tr\/en\/wp-json\/wp\/v2\/types\/page"}],"author":[{"embeddable":true,"href":"https:\/\/biradli.com.tr\/en\/wp-json\/wp\/v2\/users\/1"}],"replies":[{"embeddable":true,"href":"https:\/\/biradli.com.tr\/en\/wp-json\/wp\/v2\/comments?post=2156"}],"version-history":[{"count":0,"href":"https:\/\/biradli.com.tr\/en\/wp-json\/wp\/v2\/pages\/2156\/revisions"}],"wp:attachment":[{"href":"https:\/\/biradli.com.tr\/en\/wp-json\/wp\/v2\/media?parent=2156"}],"curies":[{"name":"wp","href":"https:\/\/api.w.org\/{rel}","templated":true}]}}