{"id":10010,"date":"2024-01-22T12:10:18","date_gmt":"2024-01-22T12:10:18","guid":{"rendered":"https:\/\/biradli.com.tr\/?post_type=product&#038;p=10010"},"modified":"2024-01-23T08:53:36","modified_gmt":"2024-01-23T08:53:36","slug":"3-6-slim-jigger-brd-ef159","status":"publish","type":"product","link":"https:\/\/biradli.com.tr\/en\/urun\/3-6-slim-jigger-brd-ef159\/","title":{"rendered":"3\/6 Slim Jigger <br> (BRD-EF159)"},"content":{"rendered":"","protected":false},"excerpt":{"rendered":"<p>(i\u00e7i \u00f6l\u00e7ekli)<\/p>\n","protected":false},"featured_media":10038,"template":"","meta":[],"product_brand":[],"product_cat":[886,1016,835],"product_tag":[],"class_list":{"0":"post-10010","1":"product","2":"type-product","3":"status-publish","4":"has-post-thumbnail","6":"product_cat-jigger-en","7":"product_cat-new-products","8":"product_cat-bar-materials","10":"first","11":"instock","12":"shipping-taxable","13":"product-type-simple"},"_links":{"self":[{"href":"https:\/\/biradli.com.tr\/en\/wp-json\/wp\/v2\/product\/10010","targetHints":{"allow":["GET"]}}],"collection":[{"href":"https:\/\/biradli.com.tr\/en\/wp-json\/wp\/v2\/product"}],"about":[{"href":"https:\/\/biradli.com.tr\/en\/wp-json\/wp\/v2\/types\/product"}],"wp:featuredmedia":[{"embeddable":true,"href":"https:\/\/biradli.com.tr\/en\/wp-json\/wp\/v2\/media\/10038"}],"wp:attachment":[{"href":"https:\/\/biradli.com.tr\/en\/wp-json\/wp\/v2\/media?parent=10010"}],"wp:term":[{"taxonomy":"product_brand","embeddable":true,"href":"https:\/\/biradli.com.tr\/en\/wp-json\/wp\/v2\/product_brand?post=10010"},{"taxonomy":"product_cat","embeddable":true,"href":"https:\/\/biradli.com.tr\/en\/wp-json\/wp\/v2\/product_cat?post=10010"},{"taxonomy":"product_tag","embeddable":true,"href":"https:\/\/biradli.com.tr\/en\/wp-json\/wp\/v2\/product_tag?post=10010"}],"curies":[{"name":"wp","href":"https:\/\/api.w.org\/{rel}","templated":true}]}}