{"id":4457,"date":"2019-12-15T15:55:47","date_gmt":"2019-12-15T15:55:47","guid":{"rendered":"http:\/\/biradli.com.tr\/?post_type=product&#038;p=4457"},"modified":"2020-03-10T07:47:43","modified_gmt":"2020-03-10T07:47:43","slug":"rolltop-with-colored-round-melamine-traysgrv-72-t","status":"publish","type":"product","link":"https:\/\/biradli.com.tr\/en\/urun\/rolltop-with-colored-round-melamine-traysgrv-72-t\/","title":{"rendered":"Groovy Rolltop With Colored Round Melamine Trays<br>(GRV-72-T)"},"content":{"rendered":"","protected":false},"excerpt":{"rendered":"<p>45&#215;3 cm<br \/>\nColor Alternative: Mavi, Sar\u0131, K\u0131rm\u0131z\u0131, Ye\u015fil, Beyaz<\/p>\n","protected":false},"featured_media":4324,"template":"","meta":[],"product_brand":[],"product_cat":[808],"product_tag":[],"class_list":{"0":"post-4457","1":"product","2":"type-product","3":"status-publish","4":"has-post-thumbnail","6":"product_cat-polycarbonate-casing-display","8":"first","9":"instock","10":"shipping-taxable","11":"product-type-simple"},"_links":{"self":[{"href":"https:\/\/biradli.com.tr\/en\/wp-json\/wp\/v2\/product\/4457","targetHints":{"allow":["GET"]}}],"collection":[{"href":"https:\/\/biradli.com.tr\/en\/wp-json\/wp\/v2\/product"}],"about":[{"href":"https:\/\/biradli.com.tr\/en\/wp-json\/wp\/v2\/types\/product"}],"wp:featuredmedia":[{"embeddable":true,"href":"https:\/\/biradli.com.tr\/en\/wp-json\/wp\/v2\/media\/4324"}],"wp:attachment":[{"href":"https:\/\/biradli.com.tr\/en\/wp-json\/wp\/v2\/media?parent=4457"}],"wp:term":[{"taxonomy":"product_brand","embeddable":true,"href":"https:\/\/biradli.com.tr\/en\/wp-json\/wp\/v2\/product_brand?post=4457"},{"taxonomy":"product_cat","embeddable":true,"href":"https:\/\/biradli.com.tr\/en\/wp-json\/wp\/v2\/product_cat?post=4457"},{"taxonomy":"product_tag","embeddable":true,"href":"https:\/\/biradli.com.tr\/en\/wp-json\/wp\/v2\/product_tag?post=4457"}],"curies":[{"name":"wp","href":"https:\/\/api.w.org\/{rel}","templated":true}]}}