{"id":6151,"date":"2019-12-18T09:29:07","date_gmt":"2019-12-18T09:29:07","guid":{"rendered":"http:\/\/biradli.com.tr\/?post_type=product&#038;p=6151"},"modified":"2019-12-18T09:29:07","modified_gmt":"2019-12-18T09:29:07","slug":"istanbul-hotel-seriesgry-istanbul","status":"publish","type":"product","link":"https:\/\/biradli.com.tr\/en\/urun\/istanbul-hotel-seriesgry-istanbul\/","title":{"rendered":"\u0130stanbul Hotel Series<br>(GRY &#8211; \u0130stanbul)"},"content":{"rendered":"","protected":false},"excerpt":{"rendered":"<p>\u0130stanbul Tablespoon<br \/>\n\u0130stanbul Table Fork<br \/>\n\u0130stanbul Table Knife<br \/>\n\u0130stanbul Dessert Spoon<br \/>\n\u0130stanbul Dessert Fork<br \/>\n\u0130stanbul Dessert Knife<br \/>\n\u0130stanbul Nescafe Spoon<br \/>\n\u0130stanbul Tea Spoon<br \/>\n\u0130stanbul Fish Fork<br \/>\n\u0130stanbul Fish Knife<\/p>\n","protected":false},"featured_media":5943,"template":"","meta":[],"product_brand":[],"product_cat":[912],"product_tag":[],"class_list":{"0":"post-6151","1":"product","2":"type-product","3":"status-publish","4":"has-post-thumbnail","6":"product_cat-hotel-seriea-spoon-fork-knife","8":"first","9":"instock","10":"shipping-taxable","11":"product-type-simple"},"_links":{"self":[{"href":"https:\/\/biradli.com.tr\/en\/wp-json\/wp\/v2\/product\/6151","targetHints":{"allow":["GET"]}}],"collection":[{"href":"https:\/\/biradli.com.tr\/en\/wp-json\/wp\/v2\/product"}],"about":[{"href":"https:\/\/biradli.com.tr\/en\/wp-json\/wp\/v2\/types\/product"}],"wp:featuredmedia":[{"embeddable":true,"href":"https:\/\/biradli.com.tr\/en\/wp-json\/wp\/v2\/media\/5943"}],"wp:attachment":[{"href":"https:\/\/biradli.com.tr\/en\/wp-json\/wp\/v2\/media?parent=6151"}],"wp:term":[{"taxonomy":"product_brand","embeddable":true,"href":"https:\/\/biradli.com.tr\/en\/wp-json\/wp\/v2\/product_brand?post=6151"},{"taxonomy":"product_cat","embeddable":true,"href":"https:\/\/biradli.com.tr\/en\/wp-json\/wp\/v2\/product_cat?post=6151"},{"taxonomy":"product_tag","embeddable":true,"href":"https:\/\/biradli.com.tr\/en\/wp-json\/wp\/v2\/product_tag?post=6151"}],"curies":[{"name":"wp","href":"https:\/\/api.w.org\/{rel}","templated":true}]}}