{"id":6174,"date":"2019-12-18T10:42:33","date_gmt":"2019-12-18T10:42:33","guid":{"rendered":"http:\/\/biradli.com.tr\/?post_type=product&#038;p=6174"},"modified":"2019-12-18T10:43:40","modified_gmt":"2019-12-18T10:43:40","slug":"istanbul-cake-knife-spatulagry-istanbul-kek-bicak-spatula","status":"publish","type":"product","link":"https:\/\/biradli.com.tr\/en\/urun\/istanbul-cake-knife-spatulagry-istanbul-kek-bicak-spatula\/","title":{"rendered":"\u0130stanbul Cake Knife \/ Spatula<br>(GRY &#8211; \u0130stanbul Kek B\u0131\u00e7ak \/ Spatula)"},"content":{"rendered":"","protected":false},"excerpt":{"rendered":"","protected":false},"featured_media":5941,"template":"","meta":[],"product_brand":[],"product_cat":[920],"product_tag":[],"class_list":{"0":"post-6174","1":"product","2":"type-product","3":"status-publish","4":"has-post-thumbnail","6":"product_cat-cake-spatula-knife","8":"first","9":"instock","10":"shipping-taxable","11":"product-type-simple"},"_links":{"self":[{"href":"https:\/\/biradli.com.tr\/en\/wp-json\/wp\/v2\/product\/6174","targetHints":{"allow":["GET"]}}],"collection":[{"href":"https:\/\/biradli.com.tr\/en\/wp-json\/wp\/v2\/product"}],"about":[{"href":"https:\/\/biradli.com.tr\/en\/wp-json\/wp\/v2\/types\/product"}],"wp:featuredmedia":[{"embeddable":true,"href":"https:\/\/biradli.com.tr\/en\/wp-json\/wp\/v2\/media\/5941"}],"wp:attachment":[{"href":"https:\/\/biradli.com.tr\/en\/wp-json\/wp\/v2\/media?parent=6174"}],"wp:term":[{"taxonomy":"product_brand","embeddable":true,"href":"https:\/\/biradli.com.tr\/en\/wp-json\/wp\/v2\/product_brand?post=6174"},{"taxonomy":"product_cat","embeddable":true,"href":"https:\/\/biradli.com.tr\/en\/wp-json\/wp\/v2\/product_cat?post=6174"},{"taxonomy":"product_tag","embeddable":true,"href":"https:\/\/biradli.com.tr\/en\/wp-json\/wp\/v2\/product_tag?post=6174"}],"curies":[{"name":"wp","href":"https:\/\/api.w.org\/{rel}","templated":true}]}}