{"id":9131,"date":"2023-01-23T09:07:12","date_gmt":"2023-01-23T09:07:12","guid":{"rendered":"https:\/\/biradli.com.tr\/?post_type=product&#038;p=9131"},"modified":"2023-01-23T09:07:13","modified_gmt":"2023-01-23T09:07:13","slug":"tuzluk-baharatlik-takimi-siyahgrv-114-p2s","status":"publish","type":"product","link":"https:\/\/biradli.com.tr\/en\/urun\/tuzluk-baharatlik-takimi-siyahgrv-114-p2s\/","title":{"rendered":"Tuzluk &#038; Baharatl\u0131k Tak\u0131m\u0131 (Siyah)<br>(GRV-114-P2S)"},"content":{"rendered":"","protected":false},"excerpt":{"rendered":"","protected":false},"featured_media":9121,"template":"","meta":[],"product_brand":[],"product_cat":[614,623,750,751,754,1016],"product_tag":[],"class_list":{"0":"post-9131","1":"product","2":"type-product","3":"status-publish","4":"has-post-thumbnail","6":"product_cat-salt-pepper-shakers-sets","7":"product_cat-spice-sets","8":"product_cat-salt-pepper-shakers","9":"product_cat-stainless-salt-shaker-sets-18-10","10":"product_cat-stainless-salt-shaker-sets","11":"product_cat-new-products","13":"first","14":"instock","15":"shipping-taxable","16":"product-type-simple"},"_links":{"self":[{"href":"https:\/\/biradli.com.tr\/en\/wp-json\/wp\/v2\/product\/9131","targetHints":{"allow":["GET"]}}],"collection":[{"href":"https:\/\/biradli.com.tr\/en\/wp-json\/wp\/v2\/product"}],"about":[{"href":"https:\/\/biradli.com.tr\/en\/wp-json\/wp\/v2\/types\/product"}],"wp:featuredmedia":[{"embeddable":true,"href":"https:\/\/biradli.com.tr\/en\/wp-json\/wp\/v2\/media\/9121"}],"wp:attachment":[{"href":"https:\/\/biradli.com.tr\/en\/wp-json\/wp\/v2\/media?parent=9131"}],"wp:term":[{"taxonomy":"product_brand","embeddable":true,"href":"https:\/\/biradli.com.tr\/en\/wp-json\/wp\/v2\/product_brand?post=9131"},{"taxonomy":"product_cat","embeddable":true,"href":"https:\/\/biradli.com.tr\/en\/wp-json\/wp\/v2\/product_cat?post=9131"},{"taxonomy":"product_tag","embeddable":true,"href":"https:\/\/biradli.com.tr\/en\/wp-json\/wp\/v2\/product_tag?post=9131"}],"curies":[{"name":"wp","href":"https:\/\/api.w.org\/{rel}","templated":true}]}}